{"id":23,"date":"2024-03-28T23:41:50","date_gmt":"2024-03-28T20:41:50","guid":{"rendered":"https:\/\/safirdemo.com\/atolye\/cozum-ortaklari\/"},"modified":"2024-03-28T23:41:51","modified_gmt":"2024-03-28T20:41:51","slug":"cozum-ortaklari","status":"publish","type":"page","link":"https:\/\/www.genomis.com.tr\/?page_id=23","title":{"rendered":"\u00c7\u00f6z\u00fcm Ortaklar\u0131"},"content":{"rendered":"\n<p>Bu sayfada \u00e7\u00f6z\u00fcm ortaklar\u0131m\u0131z\u0131 buradan takip edebilirsiniz. \u015euan sayfa g\u00fcncellenmektedir. <\/p>\n","protected":false},"excerpt":{"rendered":"<p>Bu sayfada \u00e7\u00f6z\u00fcm ortaklar\u0131m\u0131z\u0131 buradan takip edebilirsiniz. \u015euan sayfa g\u00fcncellenmektedir.<\/p>\n","protected":false},"author":1,"featured_media":0,"parent":0,"menu_order":0,"comment_status":"closed","ping_status":"closed","template":"pages\/page-references.php","meta":{"footnotes":""},"_links":{"self":[{"href":"https:\/\/www.genomis.com.tr\/index.php?rest_route=\/wp\/v2\/pages\/23"}],"collection":[{"href":"https:\/\/www.genomis.com.tr\/index.php?rest_route=\/wp\/v2\/pages"}],"about":[{"href":"https:\/\/www.genomis.com.tr\/index.php?rest_route=\/wp\/v2\/types\/page"}],"author":[{"embeddable":true,"href":"https:\/\/www.genomis.com.tr\/index.php?rest_route=\/wp\/v2\/users\/1"}],"replies":[{"embeddable":true,"href":"https:\/\/www.genomis.com.tr\/index.php?rest_route=%2Fwp%2Fv2%2Fcomments&post=23"}],"version-history":[{"count":2,"href":"https:\/\/www.genomis.com.tr\/index.php?rest_route=\/wp\/v2\/pages\/23\/revisions"}],"predecessor-version":[{"id":518,"href":"https:\/\/www.genomis.com.tr\/index.php?rest_route=\/wp\/v2\/pages\/23\/revisions\/518"}],"wp:attachment":[{"href":"https:\/\/www.genomis.com.tr\/index.php?rest_route=%2Fwp%2Fv2%2Fmedia&parent=23"}],"curies":[{"name":"wp","href":"https:\/\/api.w.org\/{rel}","templated":true}]}}