{"id":82,"date":"2024-03-28T23:38:12","date_gmt":"2024-03-28T20:38:12","guid":{"rendered":"https:\/\/safirdemo.com\/atolye\/hakkimizda\/"},"modified":"2024-08-12T18:40:11","modified_gmt":"2024-08-12T15:40:11","slug":"hakkimizda","status":"publish","type":"page","link":"http:\/\/www.genomis.com.tr\/es\/?page_id=82","title":{"rendered":"sobre nosotros"},"content":{"rendered":"\n<figure class=\"wp-block-image size-full\"><img loading=\"lazy\" decoding=\"async\" width=\"800\" height=\"173\" src=\"http:\/\/www.genomis.com.tr\/wp-content\/uploads\/2024\/03\/logo.png\" alt=\"\" class=\"wp-image-430\" srcset=\"http:\/\/www.genomis.com.tr\/es\/wp-content\/uploads\/2024\/03\/logo.png 800w, http:\/\/www.genomis.com.tr\/es\/wp-content\/uploads\/2024\/03\/logo-300x65.png 300w, http:\/\/www.genomis.com.tr\/es\/wp-content\/uploads\/2024\/03\/logo-768x166.png 768w\" sizes=\"(max-width: 800px) 100vw, 800px\" \/><\/figure>\n\n\n\n<p>Las bases de nuestra empresa se sentaron en 2012. Se estableci\u00f3 en Izmir con el prop\u00f3sito de producir, promover y utilizar productos de nutrici\u00f3n vegetal en \u00e1reas agr\u00edcolas y brindar servicios de ingenier\u00eda. Genomis Chemical formula y produce productos de nutrici\u00f3n vegetal de alta tecnolog\u00eda, que elaboran productos especiales que brindan capacitaci\u00f3n t\u00e9cnica y de aplicaci\u00f3n en campo, y marcan una clara diferencia con el desempe\u00f1o de los productos en campo, con estudios de AR-GE abiertos a innovaciones. Adem\u00e1s de aumentar la eficiencia y la calidad con nuestra pol\u00edtica de continuidad y estabilidad de la calidad en la producci\u00f3n, brindamos servicios en producci\u00f3n, comercializaci\u00f3n y log\u00edstica con un equipo de 30 personas contribuyendo a distribuidores, comerciantes y agricultores.<\/p>\n\n\n\n<figure class=\"wp-block-image size-full\"><img loading=\"lazy\" decoding=\"async\" width=\"836\" height=\"594\" src=\"http:\/\/www.genomis.com.tr\/wp-content\/uploads\/2024\/03\/hakkimizda.jpg\" alt=\"\" class=\"wp-image-515\" srcset=\"http:\/\/www.genomis.com.tr\/es\/wp-content\/uploads\/2024\/03\/hakkimizda.jpg 836w, http:\/\/www.genomis.com.tr\/es\/wp-content\/uploads\/2024\/03\/hakkimizda-300x213.jpg 300w, http:\/\/www.genomis.com.tr\/es\/wp-content\/uploads\/2024\/03\/hakkimizda-768x546.jpg 768w\" sizes=\"(max-width: 836px) 100vw, 836px\" \/><\/figure>\n\n\n\n<div class=\"wp-block-columns is-layout-flex wp-container-core-columns-layout-1 wp-block-columns-is-layout-flex\">\n<div class=\"wp-block-column is-layout-flow wp-block-column-is-layout-flow\">\n<div class=\"wp-block-safirtema-mainheading singleHeading mainHeading\"><div class=\"inner\"><div class=\"icon safiricon\"><svg class=\"safiricon-lamba\"><use href=\"#safiricon-lamba\"><\/use><\/svg><\/div><div class=\"text\">nuestra misi\u00f3n<\/div><\/div><\/div>\n\n\n\n<p>Buraya Misyon eklenecektir<\/p>\n<\/div>\n\n\n\n<div class=\"wp-block-column is-layout-flow wp-block-column-is-layout-flow\">\n<div class=\"wp-block-safirtema-mainheading singleHeading mainHeading\"><div class=\"inner\"><div class=\"icon safiricon\"><svg class=\"safiricon-ekip\"><use href=\"#safiricon-ekip\"><\/use><\/svg><\/div><div class=\"text\">nuestra visi\u00f3n<\/div><\/div><\/div>\n\n\n\n<p>Buraya Vizyon Eklenecektir<\/p>\n<\/div>\n<\/div>\n","protected":false},"excerpt":{"rendered":"<p>Las bases de nuestra empresa se sentaron en 2012. Se estableci\u00f3 en Izmir con el prop\u00f3sito de producir, promover y utilizar productos de nutrici\u00f3n vegetal en \u00e1reas agr\u00edcolas y brindar servicios de ingenier\u00eda. Genomis Chemical formula y produce productos de nutrici\u00f3n vegetal de alta tecnolog\u00eda, que elaboran productos especiales que brindan capacitaci\u00f3n t\u00e9cnica y de [&hellip;]<\/p>\n","protected":false},"author":1,"featured_media":460,"parent":0,"menu_order":0,"comment_status":"closed","ping_status":"closed","template":"","meta":{"footnotes":""},"_links":{"self":[{"href":"http:\/\/www.genomis.com.tr\/es\/index.php?rest_route=\/wp\/v2\/pages\/82"}],"collection":[{"href":"http:\/\/www.genomis.com.tr\/es\/index.php?rest_route=\/wp\/v2\/pages"}],"about":[{"href":"http:\/\/www.genomis.com.tr\/es\/index.php?rest_route=\/wp\/v2\/types\/page"}],"author":[{"embeddable":true,"href":"http:\/\/www.genomis.com.tr\/es\/index.php?rest_route=\/wp\/v2\/users\/1"}],"replies":[{"embeddable":true,"href":"http:\/\/www.genomis.com.tr\/es\/index.php?rest_route=%2Fwp%2Fv2%2Fcomments&post=82"}],"version-history":[{"count":13,"href":"http:\/\/www.genomis.com.tr\/es\/index.php?rest_route=\/wp\/v2\/pages\/82\/revisions"}],"predecessor-version":[{"id":725,"href":"http:\/\/www.genomis.com.tr\/es\/index.php?rest_route=\/wp\/v2\/pages\/82\/revisions\/725"}],"wp:featuredmedia":[{"embeddable":true,"href":"http:\/\/www.genomis.com.tr\/es\/index.php?rest_route=\/wp\/v2\/media\/460"}],"wp:attachment":[{"href":"http:\/\/www.genomis.com.tr\/es\/index.php?rest_route=%2Fwp%2Fv2%2Fmedia&parent=82"}],"curies":[{"name":"wp","href":"https:\/\/api.w.org\/{rel}","templated":true}]}}