{"id":23,"date":"2024-03-28T23:41:50","date_gmt":"2024-03-28T20:41:50","guid":{"rendered":"https:\/\/safirdemo.com\/atolye\/cozum-ortaklari\/"},"modified":"2024-08-12T18:38:51","modified_gmt":"2024-08-12T15:38:51","slug":"cozum-ortaklari","status":"publish","type":"page","link":"http:\/\/www.genomis.com.tr\/es\/?page_id=23","title":{"rendered":"Socios de soluciones"},"content":{"rendered":"\n<p>Puede seguir a nuestros socios de soluciones en esta p\u00e1gina. La p\u00e1gina se est\u00e1 actualizando actualmente.<\/p>\n","protected":false},"excerpt":{"rendered":"<p>Puede seguir a nuestros socios de soluciones en esta p\u00e1gina. La p\u00e1gina se est\u00e1 actualizando actualmente.<\/p>\n","protected":false},"author":1,"featured_media":0,"parent":0,"menu_order":0,"comment_status":"closed","ping_status":"closed","template":"pages\/page-references.php","meta":{"footnotes":""},"_links":{"self":[{"href":"http:\/\/www.genomis.com.tr\/es\/index.php?rest_route=\/wp\/v2\/pages\/23"}],"collection":[{"href":"http:\/\/www.genomis.com.tr\/es\/index.php?rest_route=\/wp\/v2\/pages"}],"about":[{"href":"http:\/\/www.genomis.com.tr\/es\/index.php?rest_route=\/wp\/v2\/types\/page"}],"author":[{"embeddable":true,"href":"http:\/\/www.genomis.com.tr\/es\/index.php?rest_route=\/wp\/v2\/users\/1"}],"replies":[{"embeddable":true,"href":"http:\/\/www.genomis.com.tr\/es\/index.php?rest_route=%2Fwp%2Fv2%2Fcomments&post=23"}],"version-history":[{"count":3,"href":"http:\/\/www.genomis.com.tr\/es\/index.php?rest_route=\/wp\/v2\/pages\/23\/revisions"}],"predecessor-version":[{"id":723,"href":"http:\/\/www.genomis.com.tr\/es\/index.php?rest_route=\/wp\/v2\/pages\/23\/revisions\/723"}],"wp:attachment":[{"href":"http:\/\/www.genomis.com.tr\/es\/index.php?rest_route=%2Fwp%2Fv2%2Fmedia&parent=23"}],"curies":[{"name":"wp","href":"https:\/\/api.w.org\/{rel}","templated":true}]}}